{"id":71426,"date":"2024-11-07T09:13:14","date_gmt":"2024-11-07T08:13:14","guid":{"rendered":"https:\/\/kayo-partners.com\/?page_id=71426"},"modified":"2026-02-23T18:52:29","modified_gmt":"2026-02-23T17:52:29","slug":"contact","status":"publish","type":"page","link":"https:\/\/kayo-partners.com\/index.php\/contact\/","title":{"rendered":"Contact"},"content":{"rendered":"<p>[et_pb_section fb_built=\u00a0\u00bb1&Prime; next_background_color=\u00a0\u00bb#ffffff\u00a0\u00bb _builder_version=\u00a0\u00bb4.27.3&Prime; _module_preset=\u00a0\u00bbdefault\u00a0\u00bb background_color=\u00a0\u00bb#082967&Prime; custom_padding=\u00a0\u00bb||62px|||\u00a0\u00bb bottom_divider_style=\u00a0\u00bbslant\u00a0\u00bb bottom_divider_height=\u00a0\u00bb60px\u00a0\u00bb bottom_divider_flip=\u00a0\u00bbhorizontal\u00a0\u00bb locked=\u00a0\u00bboff\u00a0\u00bb global_colors_info=\u00a0\u00bb{}\u00a0\u00bb][et_pb_row column_structure=\u00a0\u00bb2_3,1_3&Prime; _builder_version=\u00a0\u00bb4.27.3&Prime; _module_preset=\u00a0\u00bbdefault\u00a0\u00bb custom_padding=\u00a0\u00bb5px|||||\u00a0\u00bb global_colors_info=\u00a0\u00bb{}\u00a0\u00bb][et_pb_column type=\u00a0\u00bb2_3&Prime; _builder_version=\u00a0\u00bb4.27.3&Prime; _module_preset=\u00a0\u00bbdefault\u00a0\u00bb global_colors_info=\u00a0\u00bb{}\u00a0\u00bb][et_pb_text _builder_version=\u00a0\u00bb4.27.3&Prime; header_font=\u00a0\u00bbPoppins|600|||||||\u00a0\u00bb header_text_color=\u00a0\u00bb#ffffff\u00a0\u00bb header_font_size=\u00a0\u00bb42px\u00a0\u00bb header_line_height=\u00a0\u00bb1.4em\u00a0\u00bb custom_padding=\u00a0\u00bb2px||||false|false\u00a0\u00bb custom_padding_tablet=\u00a0\u00bb0px||||false|false\u00a0\u00bb custom_padding_phone=\u00a0\u00bb0px||||false|false\u00a0\u00bb custom_padding_last_edited=\u00a0\u00bbon|tablet\u00a0\u00bb header_font_size_tablet=\u00a0\u00bb\u00a0\u00bb header_font_size_phone=\u00a0\u00bb25px\u00a0\u00bb header_font_size_last_edited=\u00a0\u00bbon|desktop\u00a0\u00bb global_colors_info=\u00a0\u00bb{}\u00a0\u00bb]<\/p>\n<h1>Contact<\/h1>\n<p>[\/et_pb_text][\/et_pb_column][et_pb_column type=\u00a0\u00bb1_3&Prime; _builder_version=\u00a0\u00bb4.27.3&Prime; _module_preset=\u00a0\u00bbdefault\u00a0\u00bb global_colors_info=\u00a0\u00bb{}\u00a0\u00bb][\/et_pb_column][\/et_pb_row][\/et_pb_section][et_pb_section fb_built=\u00a0\u00bb1&Prime; _builder_version=\u00a0\u00bb4.27.4&Prime; _module_preset=\u00a0\u00bbdefault\u00a0\u00bb global_colors_info=\u00a0\u00bb{}\u00a0\u00bb][et_pb_row _builder_version=\u00a0\u00bb4.27.4&Prime; custom_margin=\u00a0\u00bb|auto|-7px|auto||\u00a0\u00bb locked=\u00a0\u00bboff\u00a0\u00bb global_colors_info=\u00a0\u00bb{}\u00a0\u00bb custom_padding=\u00a0\u00bb||0px|||\u00a0\u00bb][et_pb_column type=\u00a0\u00bb4_4&Prime; disabled_on=\u00a0\u00bbon|off|off\u00a0\u00bb _builder_version=\u00a0\u00bb4.27.3&Prime; animation_direction=\u00a0\u00bbleft\u00a0\u00bb global_colors_info=\u00a0\u00bb{}\u00a0\u00bb][et_pb_text _builder_version=\u00a0\u00bb4.27.4&Prime; header_3_font=\u00a0\u00bbPoppins|700|||||||\u00a0\u00bb header_3_text_align=\u00a0\u00bbleft\u00a0\u00bb header_3_text_color=\u00a0\u00bb#000000&Prime; header_3_font_size=\u00a0\u00bb40px\u00a0\u00bb header_3_line_height=\u00a0\u00bb1.4em\u00a0\u00bb custom_margin_tablet=\u00a0\u00bb-10px||||false|false\u00a0\u00bb custom_margin_phone=\u00a0\u00bb-10px||||false|false\u00a0\u00bb custom_margin_last_edited=\u00a0\u00bbon|phone\u00a0\u00bb custom_padding=\u00a0\u00bb||0px|||\u00a0\u00bb header_3_font_size_tablet=\u00a0\u00bb\u00a0\u00bb header_3_font_size_phone=\u00a0\u00bb30px\u00a0\u00bb header_3_font_size_last_edited=\u00a0\u00bbon|phone\u00a0\u00bb locked=\u00a0\u00bboff\u00a0\u00bb global_colors_info=\u00a0\u00bb{}\u00a0\u00bb]<\/p>\n<h3>Chez Kayo-Partners, nous sommes \u00e0 votre \u00e9coute.<\/h3>\n<p>[\/et_pb_text][et_pb_divider color=\u00a0\u00bb#000000&Prime; divider_weight=\u00a0\u00bb3px\u00a0\u00bb _builder_version=\u00a0\u00bb4.16&Prime; max_width=\u00a0\u00bb60px\u00a0\u00bb custom_margin=\u00a0\u00bb-15px|||\u00a0\u00bb locked=\u00a0\u00bboff\u00a0\u00bb global_colors_info=\u00a0\u00bb{}\u00a0\u00bb][\/et_pb_divider][et_pb_text _builder_version=\u00a0\u00bb4.27.4&Prime; _module_preset=\u00a0\u00bbdefault\u00a0\u00bb text_font=\u00a0\u00bbRoboto|300|||||||\u00a0\u00bb text_font_size=\u00a0\u00bb17px\u00a0\u00bb text_letter_spacing=\u00a0\u00bb1px\u00a0\u00bb text_line_height=\u00a0\u00bb1.6em\u00a0\u00bb custom_margin=\u00a0\u00bb1px|||||\u00a0\u00bb global_colors_info=\u00a0\u00bb{}\u00a0\u00bb]<\/p>\n<p>Vous souhaitez en savoir plus sur nos services, explorer des opportunit\u00e9s de partenariat, ou simplement \u00e9changer sur votre projet.<\/p>\n<p>Ensemble, construisons des solutions innovantes et durables pour fa\u00e7onner l\u2019avenir de l\u2019Afrique et de l\u2019Asie.<\/p>\n<p>Parce que chaque collaboration compte, faisons le premier pas vers un partenariat porteur de succ\u00e8s.<\/p>\n<p>[\/et_pb_text][et_pb_text _builder_version=\u00a0\u00bb4.27.4&Prime; _module_preset=\u00a0\u00bbdefault\u00a0\u00bb text_font=\u00a0\u00bbRoboto|300|||||||\u00a0\u00bb text_font_size=\u00a0\u00bb17px\u00a0\u00bb text_letter_spacing=\u00a0\u00bb1px\u00a0\u00bb text_line_height=\u00a0\u00bb1.6em\u00a0\u00bb custom_margin=\u00a0\u00bb1px|||||\u00a0\u00bb global_colors_info=\u00a0\u00bb{}\u00a0\u00bb]<\/p>\n<p><strong>Kayo Partners<\/strong>\u00a0combine\u00a0<strong>expertise technologique<\/strong>\u00a0et\u00a0<strong>vision financi\u00e8re<\/strong>\u00a0pour offrir des solutions fiables et innovantes \u00e0 l\u2019\u00e9chelle internationale.<\/p>\n<p>[\/et_pb_text][et_pb_text _builder_version=\u00a0\u00bb4.27.4&Prime; _module_preset=\u00a0\u00bbdefault\u00a0\u00bb text_font=\u00a0\u00bbRoboto|300|||||||\u00a0\u00bb text_font_size=\u00a0\u00bb17px\u00a0\u00bb text_letter_spacing=\u00a0\u00bb1px\u00a0\u00bb text_line_height=\u00a0\u00bb1.6em\u00a0\u00bb custom_margin=\u00a0\u00bb1px||60px|||\u00a0\u00bb global_colors_info=\u00a0\u00bb{}\u00a0\u00bb]<\/p>\n<h2><img decoding=\"async\" data-emoji=\"\ud83c\udfe2\" class=\"an1\" alt=\"\ud83c\udfe2\" aria-label=\"\ud83c\udfe2\" draggable=\"false\" src=\"https:\/\/fonts.gstatic.com\/s\/e\/notoemoji\/16.0\/1f3e2\/32.png\" loading=\"lazy\" \/><span>\u00a0<\/span>Si\u00e8ge administratif \u2014 Libreville, Gabon<\/h2>\n<p>&nbsp;<\/p>\n<p><img loading=\"lazy\" decoding=\"async\" src=\"https:\/\/images.emojiterra.com\/google\/noto-emoji\/unicode-16.0\/color\/svg\/1f1ec-1f1e6.svg\" alt=\"Google (Noto Color Emoji 16.0)\" width=\"35\" height=\"35\" \/><span>\u00a0<\/span>Libreville, Gabon<br \/><img decoding=\"async\" data-emoji=\"\ud83d\udcde\" class=\"an1\" alt=\"\ud83d\udcde\" aria-label=\"\ud83d\udcde\" draggable=\"false\" src=\"https:\/\/fonts.gstatic.com\/s\/e\/notoemoji\/16.0\/1f4de\/32.png\" loading=\"lazy\" \/><span>\u00a0<\/span>T\u00e9l\u00e9phone : +241 <span>77000974<\/span><\/p>\n<p><img decoding=\"async\" data-emoji=\"\u2709\ufe0f\" class=\"an1\" alt=\"\u2709\ufe0f\" aria-label=\"\u2709\ufe0f\" draggable=\"false\" src=\"https:\/\/fonts.gstatic.com\/s\/e\/notoemoji\/16.0\/2709_fe0f\/32.png\" loading=\"lazy\" \/><span>\u00a0<\/span>Email :\u00a0<a rel=\"noopener\">contact@kayo-partners.com<span aria-hidden=\"true\"><u><\/u><u><\/u><u><\/u><u><\/u><\/span><\/a><\/p>\n<blockquote>\n<p>Le si\u00e8ge central coordonne toutes les op\u00e9rations, partenariats strat\u00e9giques et demandes administratives.<\/p>\n<\/blockquote>\n<p>[\/et_pb_text][et_pb_text _builder_version=\u00a0\u00bb4.27.4&Prime; _module_preset=\u00a0\u00bbdefault\u00a0\u00bb text_font=\u00a0\u00bbRoboto|300|||||||\u00a0\u00bb text_font_size=\u00a0\u00bb17px\u00a0\u00bb text_letter_spacing=\u00a0\u00bb1px\u00a0\u00bb text_line_height=\u00a0\u00bb1.6em\u00a0\u00bb custom_margin=\u00a0\u00bb1px|||||\u00a0\u00bb global_colors_info=\u00a0\u00bb{}\u00a0\u00bb]<\/p>\n<h2><img decoding=\"async\" data-emoji=\"\ud83c\udf0d\" class=\"an1\" alt=\"\ud83c\udf0d\" aria-label=\"\ud83c\udf0d\" draggable=\"false\" src=\"https:\/\/fonts.gstatic.com\/s\/e\/notoemoji\/16.0\/1f30d\/32.png\" loading=\"lazy\" \/><span>\u00a0<\/span>Partenaires r\u00e9gionaux<\/h2>\n<p>Nos partenaires assurent la\u00a0<strong>coordination locale<\/strong>, le\u00a0<strong>support op\u00e9rationnel<\/strong>\u00a0et le\u00a0<strong>d\u00e9veloppement technologique<\/strong>\u00a0dans leurs zones respectives.<\/p>\n<blockquote><\/blockquote>\n<p>[\/et_pb_text][\/et_pb_column][\/et_pb_row][et_pb_row _builder_version=\u00a0\u00bb4.27.4&Prime; _module_preset=\u00a0\u00bbdefault\u00a0\u00bb column_structure=\u00a0\u00bb1_3,1_3,1_3&Prime; custom_padding=\u00a0\u00bb1px||0px|||\u00a0\u00bb][et_pb_column _builder_version=\u00a0\u00bb4.27.4&Prime; _module_preset=\u00a0\u00bbdefault\u00a0\u00bb type=\u00a0\u00bb1_3&Prime;][et_pb_text _builder_version=\u00a0\u00bb4.27.4&Prime; _module_preset=\u00a0\u00bbdefault\u00a0\u00bb hover_enabled=\u00a0\u00bb0&Prime; sticky_enabled=\u00a0\u00bb0&Prime;]<\/p>\n<p><strong><span><img loading=\"lazy\" decoding=\"async\" src=\"https:\/\/www.drapeauxdespays.fr\/data\/flags\/emoji\/apple\/160x160\/fr.png\" alt=\"France Apple Emoji\" width=\"37\" height=\"37\" style=\"display: block; margin-left: auto; margin-right: auto;\" \/><\/span><\/strong><\/p>\n<p style=\"text-align: center;\"><strong>Paris, France \u2014 Partenaire op\u00e9rationnel<\/strong><\/p>\n<p style=\"text-align: center;\"><img decoding=\"async\" data-emoji=\"\ud83d\udcde\" class=\"an1\" alt=\"\ud83d\udcde\" aria-label=\"\ud83d\udcde\" draggable=\"false\" src=\"https:\/\/fonts.gstatic.com\/s\/e\/notoemoji\/16.0\/1f4de\/32.png\" loading=\"lazy\" width=\"15\" height=\"15\" \/><span> \u00a0<\/span>+336 21 47 55 70<\/p>\n<p>[\/et_pb_text][\/et_pb_column][et_pb_column _builder_version=\u00a0\u00bb4.27.4&Prime; _module_preset=\u00a0\u00bbdefault\u00a0\u00bb type=\u00a0\u00bb1_3&Prime;][et_pb_text _builder_version=\u00a0\u00bb4.27.4&Prime; _module_preset=\u00a0\u00bbdefault\u00a0\u00bb hover_enabled=\u00a0\u00bb0&Prime; sticky_enabled=\u00a0\u00bb0&Prime;]<\/p>\n<p><strong><img decoding=\"async\" data-emoji=\"\ud83c\uddec\ud83c\udded\" class=\"an1\" alt=\"\ud83c\uddec\ud83c\udded\" aria-label=\"\ud83c\uddec\ud83c\udded\" draggable=\"false\" src=\"https:\/\/fonts.gstatic.com\/s\/e\/notoemoji\/16.0\/1f1ec_1f1ed\/32.png\" loading=\"lazy\" style=\"display: block; margin-left: auto; margin-right: auto;\" \/><span>\u00a0<br \/><\/span><\/strong><strong>Accra, Ghana \u2014 Partenaire op\u00e9rationnel<\/strong><\/p>\n<p style=\"text-align: center;\"><img decoding=\"async\" data-emoji=\"\ud83d\udcde\" class=\"an1\" alt=\"\ud83d\udcde\" aria-label=\"\ud83d\udcde\" draggable=\"false\" src=\"https:\/\/fonts.gstatic.com\/s\/e\/notoemoji\/16.0\/1f4de\/32.png\" loading=\"lazy\" width=\"15\" height=\"15\" \/><span> \u00a0<\/span>+233 24 103 8203<\/p>\n<p style=\"text-align: center;\"><strong><span>\u00a0<\/span><\/strong><\/p>\n<p>[\/et_pb_text][\/et_pb_column][et_pb_column _builder_version=\u00a0\u00bb4.27.4&Prime; _module_preset=\u00a0\u00bbdefault\u00a0\u00bb type=\u00a0\u00bb1_3&Prime;][et_pb_text _builder_version=\u00a0\u00bb4.27.4&Prime; _module_preset=\u00a0\u00bbdefault\u00a0\u00bb hover_enabled=\u00a0\u00bb0&Prime; sticky_enabled=\u00a0\u00bb0&Prime;]<\/p>\n<p style=\"text-align: center;\"><strong><img decoding=\"async\" data-emoji=\"\ud83c\uddf0\ud83c\uddf7\" class=\"an1\" alt=\"\ud83c\uddf0\ud83c\uddf7\" aria-label=\"\ud83c\uddf0\ud83c\uddf7\" draggable=\"false\" src=\"https:\/\/fonts.gstatic.com\/s\/e\/notoemoji\/16.0\/1f1f0_1f1f7\/32.png\" loading=\"lazy\" style=\"display: block; margin-left: auto; margin-right: auto;\" \/><span>\u00a0<br \/><\/span>S\u00e9oul, Cor\u00e9e du Sud \u2014 Partenaire technologique<\/strong><\/p>\n<p style=\"text-align: center;\"><img decoding=\"async\" data-emoji=\"\ud83d\udcde\" class=\"an1\" alt=\"\ud83d\udcde\" aria-label=\"\ud83d\udcde\" draggable=\"false\" src=\"https:\/\/fonts.gstatic.com\/s\/e\/notoemoji\/16.0\/1f4de\/32.png\" loading=\"lazy\" width=\"15\" height=\"15\" \/><span>\u00a0<\/span>+82 10 9619 9221<\/p>\n<p style=\"text-align: center;\"><strong><span>\u00a0<\/span><\/strong><\/p>\n<p>[\/et_pb_text][\/et_pb_column][\/et_pb_row][et_pb_row _builder_version=\u00a0\u00bb4.27.4&Prime; _module_preset=\u00a0\u00bbdefault\u00a0\u00bb custom_padding=\u00a0\u00bb0px|||||\u00a0\u00bb][et_pb_column _builder_version=\u00a0\u00bb4.27.4&Prime; _module_preset=\u00a0\u00bbdefault\u00a0\u00bb type=\u00a0\u00bb4_4&Prime;][et_pb_text _builder_version=\u00a0\u00bb4.27.4&Prime; _module_preset=\u00a0\u00bbdefault\u00a0\u00bb text_font=\u00a0\u00bbRoboto|300|||||||\u00a0\u00bb text_font_size=\u00a0\u00bb17px\u00a0\u00bb text_letter_spacing=\u00a0\u00bb1px\u00a0\u00bb text_line_height=\u00a0\u00bb1.6em\u00a0\u00bb custom_margin=\u00a0\u00bb1px|||||\u00a0\u00bb hover_enabled=\u00a0\u00bb0&Prime; global_colors_info=\u00a0\u00bb{}\u00a0\u00bb custom_padding=\u00a0\u00bb2px|||||\u00a0\u00bb sticky_enabled=\u00a0\u00bb0&Prime;]<\/p>\n<p>Les<em> partenaires r\u00e9gionaux g\u00e8rent le suivi sur le terrain. Pour toute demande g\u00e9n\u00e9rale ou administrative, veuillez contacter le si\u00e8ge<\/em><\/p>\n<blockquote><\/blockquote>\n<p>[\/et_pb_text][\/et_pb_column][\/et_pb_row][\/et_pb_section]<\/p>\n","protected":false},"excerpt":{"rendered":"<p>ContactChez Kayo-Partners, nous sommes \u00e0 votre \u00e9coute.Vous souhaitez en savoir plus sur nos services, explorer des opportunit\u00e9s de partenariat, ou simplement \u00e9changer sur votre projet. Ensemble, construisons des solutions innovantes et durables pour fa\u00e7onner l\u2019avenir de l\u2019Afrique et de l\u2019Asie. Parce que chaque collaboration compte, faisons le premier pas vers un partenariat porteur de succ\u00e8s.Kayo [&hellip;]<\/p>\n","protected":false},"author":2,"featured_media":0,"parent":0,"menu_order":0,"comment_status":"closed","ping_status":"closed","template":"","meta":{"_et_pb_use_builder":"on","_et_pb_old_content":"<!-- wp:divi\/placeholder \/-->","_et_gb_content_width":"","footnotes":""},"class_list":["post-71426","page","type-page","status-publish","hentry"],"_links":{"self":[{"href":"https:\/\/kayo-partners.com\/index.php\/wp-json\/wp\/v2\/pages\/71426","targetHints":{"allow":["GET"]}}],"collection":[{"href":"https:\/\/kayo-partners.com\/index.php\/wp-json\/wp\/v2\/pages"}],"about":[{"href":"https:\/\/kayo-partners.com\/index.php\/wp-json\/wp\/v2\/types\/page"}],"author":[{"embeddable":true,"href":"https:\/\/kayo-partners.com\/index.php\/wp-json\/wp\/v2\/users\/2"}],"replies":[{"embeddable":true,"href":"https:\/\/kayo-partners.com\/index.php\/wp-json\/wp\/v2\/comments?post=71426"}],"version-history":[{"count":17,"href":"https:\/\/kayo-partners.com\/index.php\/wp-json\/wp\/v2\/pages\/71426\/revisions"}],"predecessor-version":[{"id":72183,"href":"https:\/\/kayo-partners.com\/index.php\/wp-json\/wp\/v2\/pages\/71426\/revisions\/72183"}],"wp:attachment":[{"href":"https:\/\/kayo-partners.com\/index.php\/wp-json\/wp\/v2\/media?parent=71426"}],"curies":[{"name":"wp","href":"https:\/\/api.w.org\/{rel}","templated":true}]}}